{"id":352,"date":"2025-12-25T12:55:35","date_gmt":"2025-12-25T12:55:35","guid":{"rendered":"http:\/\/www.basrolajans.com\/?page_id=352"},"modified":"2025-12-26T13:28:08","modified_gmt":"2025-12-26T13:28:08","slug":"oyunculuk-ajansi","status":"publish","type":"page","link":"https:\/\/www.basrolajans.com\/?page_id=352","title":{"rendered":"Oyunculuk Ajans\u0131"},"content":{"rendered":"\n\n\n<p><strong>Oyunculuk ajanslar\u0131<\/strong>&nbsp;dizi ve sinemalar i\u00e7in oyuncu olmak isteyenler ile yap\u0131mc\u0131 \u015firketler aras\u0131nda k\u00f6pr\u00fc g\u00f6revi g\u00f6ren ve oyunculuk hayali olan ki\u015filerin en g\u00fcvenilir ve en kolay yol ile hayallerine kavu\u015fmas\u0131n\u0131 sa\u011flayan \u00f6zel firmalard\u0131r. Oyunculuk mesle\u011fi son y\u0131llarda olduk\u00e7a pop\u00fcler olmas\u0131 sebebi ile g\u00fcn\u00fcm\u00fczde oyunculuk ajanslar\u0131 \u00f6nemli derecede \u00e7o\u011falm\u0131\u015ft\u0131r. Bu noktada dikkatli olman\u0131z gereken husus bu oyuncluk ajanslar\u0131na ba\u015fvuru yapmadan \u00f6nce titizlikle bunlar\u0131 ara\u015ft\u0131rmal\u0131, yapt\u0131klar\u0131 i\u015flerin ne seviyede oldu\u011funu iyi bilmeli ve imza att\u0131\u011f\u0131 projeleri incelemelisiniz.<\/p>\n\n\n\n<h3 class=\"wp-block-heading\">G\u00fcvenilir ve Profesyonel Oyunculuk Ajanslar\u0131 Sizleri Star Yapabilir<\/h3>\n\n\n\n<p>Oyuncu olmaya karar veren ve kariyerini bu y\u00f6nde ilerletmek isteyenler \u00f6ncelikle kendilerine g\u00fcvenmeli ve \u00e7al\u0131\u015ft\u0131\u011f\u0131 oyunculuk ajans\u0131na g\u00fcvenmelidir. Kaliteli ve g\u00fcvenilir&nbsp;<strong>oyunculuk ajanslar\u0131<\/strong>&nbsp;sizleri bir sinema y\u0131ld\u0131z\u0131 yada dizi y\u0131ld\u0131z\u0131 yapabildi\u011fi gibi yeterince profesyonel olmayan bir ajans sizin kariyerinizi ve hayat\u0131n\u0131z\u0131 \u00f6nemli \u00f6l\u00e7\u00fcde etkileyebilir.&nbsp;Dizilerde yada sinemalarda tan\u0131d\u0131\u011f\u0131m\u0131z \u00fcnl\u00fc simalar&nbsp;asl\u0131nda kay\u0131tl\u0131 olduklar\u0131 oyunculuk ajanslar\u0131n ba\u015far\u0131l\u0131 y\u00f6nlendirmeleri sonucu ekranda ba\u015far\u0131l\u0131 projelere&nbsp;imza atmay\u0131 ba\u015farabilmi\u015f olduklar\u0131n\u0131 unutmamak gerekir. Oyuncu olmak kolay olmasada iyi oyunculuk&nbsp;ajans\u0131 ile yola \u00e7\u0131kt\u0131\u011f\u0131n\u0131zda&nbsp;size b\u00fcy\u00fcl\u00fc televizyon d\u00fcnyalar\u0131n\u0131n kap\u0131lar\u0131n\u0131 aralayabilir. Dolay\u0131s\u0131yla kariyeriniz i\u00e7in do\u011fru oyuncu ajans\u0131n\u0131 se\u00e7meniz gerekmektedir.<\/p>\n\n\n\n<p>Televizyon d\u00fcnyas\u0131na kat\u0131lmak istiyor ve oyunculuk kariyerinize ad\u0131m atmak istiyorsan\u0131z\u00a0mutlaka\u00a0profesyonel\u00a0oyunculuk ajanslar\u0131\u00a0ile irtibata ge\u00e7meli, ba\u015fvuru formlar\u0131n\u0131 doldurmal\u0131s\u0131n\u0131z. Ba\u015frol Ajans olarak T\u00fcrkiye\u2019de \u201cilk\u201d ve \u201cen b\u00fcy\u00fck\u201c cast ajans\u0131 \u00f6zelli\u011fine sahip oldu\u011fumuzu belirtmek isteriz. Bug\u00fcne kadar oyunculuk sekt\u00f6r\u00fcne\u00a0kazand\u0131rd\u0131\u011f\u0131m\u0131z y\u00fczlerce\u00a0yeni y\u00fczler ile kendinden fazlas\u0131yla s\u00f6z ettirip oyunculuk mesle\u011fine\u00a0ba\u015flaman\u0131z i\u00e7in en g\u00fcvenili\u00a0ve en do\u011fru\u00a0adres olman\u0131n hakl\u0131 gururunu ya\u015famaktay\u0131z.<\/p>\n\n\n\n<h3 class=\"wp-block-heading\">Oyunculuk Mesle\u011fi\u00a0\u0130\u00e7in En G\u00fcvenilir Adres : \u00a0Ba\u015frol Ajans<\/h3>\n\n\n\n<p>Oyunculuk ajanslar\u0131 olarak hizmet verdi\u011fimiz ve sevdi\u011finiz film\u00a0yada dizilerde\u00a0rol alma \u015fans\u0131n\u0131 yakalayabilirsiniz. Yapman\u0131z gereken sadece\u00a0sitemizde bulunan ba\u015fvuru formunu eksiksiz doldurman\u0131z olacakt\u0131r. Oyunculuk mesle\u011fine ad\u0131m atmak\u00a0i\u00e7in en do\u011fru adres Ba\u015frol Ajans. Sizlerde oyunculu\u011fa emin ad\u0131mlar ile ba\u015flamak istiyorsan\u0131z Ba\u015frol Ajans\u2019\u0131n sitesinde bulunan ba\u015fvuru formunu doldurabilirsiniz.<\/p>\n","protected":false},"excerpt":{"rendered":"<p>Oyunculuk ajanslar\u0131&nbsp;dizi ve sinemalar i\u00e7in oyuncu olmak isteyenler ile yap\u0131mc\u0131 \u015firketler aras\u0131nda k\u00f6pr\u00fc g\u00f6revi g\u00f6ren ve oyunculuk hayali olan ki\u015filerin en g\u00fcvenilir ve en kolay yol ile hayallerine kavu\u015fmas\u0131n\u0131 sa\u011flayan \u00f6zel firmalard\u0131r. Oyunculuk mesle\u011fi son y\u0131llarda olduk\u00e7a pop\u00fcler olmas\u0131 sebebi ile g\u00fcn\u00fcm\u00fczde oyunculuk ajanslar\u0131 \u00f6nemli derecede \u00e7o\u011falm\u0131\u015ft\u0131r. Bu noktada dikkatli olman\u0131z gereken husus bu oyuncluk [&hellip;]<\/p>\n","protected":false},"author":1,"featured_media":0,"parent":0,"menu_order":0,"comment_status":"closed","ping_status":"closed","template":"single-product","meta":{"saved_in_kubio":false,"footnotes":""},"class_list":["post-352","page","type-page","status-publish","hentry"],"kubio_ai_page_context":{"short_desc":"","purpose":"general"},"_links":{"self":[{"href":"https:\/\/www.basrolajans.com\/index.php?rest_route=\/wp\/v2\/pages\/352","targetHints":{"allow":["GET"]}}],"collection":[{"href":"https:\/\/www.basrolajans.com\/index.php?rest_route=\/wp\/v2\/pages"}],"about":[{"href":"https:\/\/www.basrolajans.com\/index.php?rest_route=\/wp\/v2\/types\/page"}],"author":[{"embeddable":true,"href":"https:\/\/www.basrolajans.com\/index.php?rest_route=\/wp\/v2\/users\/1"}],"replies":[{"embeddable":true,"href":"https:\/\/www.basrolajans.com\/index.php?rest_route=%2Fwp%2Fv2%2Fcomments&post=352"}],"version-history":[{"count":1,"href":"https:\/\/www.basrolajans.com\/index.php?rest_route=\/wp\/v2\/pages\/352\/revisions"}],"predecessor-version":[{"id":354,"href":"https:\/\/www.basrolajans.com\/index.php?rest_route=\/wp\/v2\/pages\/352\/revisions\/354"}],"wp:attachment":[{"href":"https:\/\/www.basrolajans.com\/index.php?rest_route=%2Fwp%2Fv2%2Fmedia&parent=352"}],"curies":[{"name":"wp","href":"https:\/\/api.w.org\/{rel}","templated":true}]}}