{"id":340,"date":"2025-12-25T12:24:36","date_gmt":"2025-12-25T12:24:36","guid":{"rendered":"http:\/\/www.basrolajans.com\/?page_id=340"},"modified":"2025-12-26T13:29:16","modified_gmt":"2025-12-26T13:29:16","slug":"fotomodel-ajansi","status":"publish","type":"page","link":"https:\/\/www.basrolajans.com\/?page_id=340","title":{"rendered":"Fotomodel Ajans\u0131"},"content":{"rendered":"\n\n\n<h2 class=\"wp-block-heading\">Fotomodel olmak i\u00e7in en kolay ve en g\u00fcvenilir yol fotomodel ajanslar\u0131 ile \u00e7al\u0131\u015fmakt\u0131r. Ba\u015frol Ajans fotomodel ajans\u0131 hizmeti ile T\u00fcrkiye\u2019nin en geni\u015f kadrosuna sahiptir.<\/h2>\n\n\n\n<p>Fotomodeli mankenlerden ay\u0131ran en \u00f6nemli \u00f6zelli\u011fi sadece foto\u011fraf \u00e7ekimlerinde modellik yapmas\u0131d\u0131r. Dolay\u0131s\u0131yla fotomodeller daha \u00e7ok reklam ama\u00e7l\u0131 modellik yapan ki\u015filer oldu\u011funu s\u00f6yleyebiliriz. Pazarlaman\u0131n ve sunumlar\u0131n \u00e7ok \u00f6nemli oldu\u011fu g\u00fcn\u00fcm\u00fczde mankenlik, fuar hostesli\u011fi ve fotomodellik mesleklerine yo\u011fun ilgi duyulmaktad\u0131r. Hatta televizyon ve reklam sekt\u00f6r\u00fcn\u00fcn en ihtiya\u00e7 duyulan mesle\u011fidir diyebiliriz.<\/p>\n\n\n\n<p>Yap\u0131lan sunuma ve sekt\u00f6r\u00fce ba\u011fl\u0131 olarak y\u00fcz g\u00fczelli\u011fi yada v\u00fccut \u00f6l\u00e7\u00fclerinin \u00f6nemi de\u011fi\u015fmekte oldu\u011funu s\u00f6yleyebiliriz. \u00d6rnek vermek gerekirse makyaj markas\u0131n\u0131n \u00fcr\u00fcnlerinin tan\u0131t\u0131m\u0131 i\u00e7in y\u00fcz g\u00fczelli\u011fi son derece \u00f6nemli iken v\u00fccut \u00f6l\u00e7\u00fcleri o kadar da \u00f6nemli bir kriter de\u011fildir. Bir di\u011fer \u00f6rnek verecek olursak stand hostesli\u011finde ileti\u015fim kurma deneyimi gerekirken bir giyim markas\u0131n\u0131n \u00fcr\u00fcnlerini tan\u0131t\u0131rken bu kriter pek \u00f6nemsenmez. Sonu\u00e7 olarak fotomodel mesle\u011finde belirli bir kriter bulunmad\u0131\u011f\u0131n\u0131 s\u00f6yleyebiliriz.<\/p>\n\n\n\n<p>Fotomodel olmak i\u00e7in \u00f6ncelikle&nbsp;<strong>fotomodel ajanslar\u0131<\/strong>,&nbsp;cast ajanslar\u0131&nbsp;yada mankenlik ajanslar\u0131na ba\u015fvuru yapmal\u0131s\u0131n\u0131z. E\u011fer sizde bu yolda ilerlemek ve fotomodellik mesle\u011fine ad\u0131m atmak istiyorsan\u0131z kendinize g\u00fcvenmeli ve m\u00fccadeleci olmal\u0131s\u0131n\u0131z. Sizlere bu konuda yol g\u00f6sterecek ve size yard\u0131mc\u0131 olacak fotomodel ajans\u0131 \u015firketini dikkatli se\u00e7melisiniz.<\/p>\n\n\n\n<p>Ba\u015frol Ajans moda, televizyon, reklam d\u00fcnyas\u0131n\u0131n ihtiyac\u0131 ile yetenekli modellerimiz aras\u0131nda arac\u0131 bir kurum rol\u00fcndeyiz. Fotomodel ajans\u0131 ailemizde bulunan modellerimize rehberlik, hem ulusal hem de uluslararas\u0131 alanda kariyer sunmak i\u00e7in \u00f6zenle \u00e7al\u0131\u015f\u0131yoruz. Ba\u015frol Ajans olarak fotomodel temini ile T\u00fcrkiye\u2019nin en aktif ve gen\u00e7 geni\u015f kadrosuna sahip olman\u0131n gururunu ya\u015famaktay\u0131z.<\/p>\n\n\n\n<p>Sizde mankenlik d\u00fcnyas\u0131na giri\u015f yapmak ve fotomodel olmak istiyorsan\u0131z sizleri Ba\u015frol Ajans\u2019a bekliyoruz. Fotomodel ve mankenlik mesleklerinin yan\u0131 s\u0131ra dizilerde rol almak ve oyunculuk kariyerinize g\u00fcvenilir ad\u0131mlar ile ba\u015flamak istiyorsan\u0131z Ba\u015frol Ajans\u2019\u0131n sitesinde bulunan ba\u015fvuru formunu doldurabilirsiniz.<\/p>\n","protected":false},"excerpt":{"rendered":"<p>Fotomodel olmak i\u00e7in en kolay ve en g\u00fcvenilir yol fotomodel ajanslar\u0131 ile \u00e7al\u0131\u015fmakt\u0131r. Ba\u015frol Ajans fotomodel ajans\u0131 hizmeti ile T\u00fcrkiye\u2019nin en geni\u015f kadrosuna sahiptir. Fotomodeli mankenlerden ay\u0131ran en \u00f6nemli \u00f6zelli\u011fi sadece foto\u011fraf \u00e7ekimlerinde modellik yapmas\u0131d\u0131r. Dolay\u0131s\u0131yla fotomodeller daha \u00e7ok reklam ama\u00e7l\u0131 modellik yapan ki\u015filer oldu\u011funu s\u00f6yleyebiliriz. Pazarlaman\u0131n ve sunumlar\u0131n \u00e7ok \u00f6nemli oldu\u011fu g\u00fcn\u00fcm\u00fczde mankenlik, fuar [&hellip;]<\/p>\n","protected":false},"author":1,"featured_media":0,"parent":0,"menu_order":0,"comment_status":"closed","ping_status":"closed","template":"single-product","meta":{"saved_in_kubio":false,"footnotes":""},"class_list":["post-340","page","type-page","status-publish","hentry"],"kubio_ai_page_context":{"short_desc":"","purpose":"general"},"_links":{"self":[{"href":"https:\/\/www.basrolajans.com\/index.php?rest_route=\/wp\/v2\/pages\/340","targetHints":{"allow":["GET"]}}],"collection":[{"href":"https:\/\/www.basrolajans.com\/index.php?rest_route=\/wp\/v2\/pages"}],"about":[{"href":"https:\/\/www.basrolajans.com\/index.php?rest_route=\/wp\/v2\/types\/page"}],"author":[{"embeddable":true,"href":"https:\/\/www.basrolajans.com\/index.php?rest_route=\/wp\/v2\/users\/1"}],"replies":[{"embeddable":true,"href":"https:\/\/www.basrolajans.com\/index.php?rest_route=%2Fwp%2Fv2%2Fcomments&post=340"}],"version-history":[{"count":1,"href":"https:\/\/www.basrolajans.com\/index.php?rest_route=\/wp\/v2\/pages\/340\/revisions"}],"predecessor-version":[{"id":342,"href":"https:\/\/www.basrolajans.com\/index.php?rest_route=\/wp\/v2\/pages\/340\/revisions\/342"}],"wp:attachment":[{"href":"https:\/\/www.basrolajans.com\/index.php?rest_route=%2Fwp%2Fv2%2Fmedia&parent=340"}],"curies":[{"name":"wp","href":"https:\/\/api.w.org\/{rel}","templated":true}]}}