{"id":336,"date":"2025-12-25T12:19:57","date_gmt":"2025-12-25T12:19:57","guid":{"rendered":"http:\/\/www.basrolajans.com\/?page_id=336"},"modified":"2025-12-26T13:27:53","modified_gmt":"2025-12-26T13:27:53","slug":"oyuncu-ajansi","status":"publish","type":"page","link":"https:\/\/www.basrolajans.com\/?page_id=336","title":{"rendered":"Oyuncu Ajans\u0131"},"content":{"rendered":"\n\n\n<h2 class=\"wp-block-heading\">Oyuncu ajanslar\u0131 sinema yap\u0131mlar\u0131na, dizilere, reklam filmlerine oyuncu temini edip ayn\u0131 zamanda oyuncu adaylar\u0131n\u0131 bu projelere haz\u0131rlar ve yol g\u00f6sterici rol oynar.<\/h2>\n\n\n\n<p>G\u00fcn\u00fcm\u00fczde oyunculuk mesle\u011fine ilgi en az di\u011fer prestijli meslekler kadar oldu\u011funu s\u00f6ylememiz m\u00fcmk\u00fcn. Art\u0131k m\u00fchendislik yada doktor kadar oyuncu olmak isteyen pek \u00e7ok gen\u00e7 sanat sever bulunmaktad\u0131r. Oyuncu olmak isteyen ki\u015fi \u00f6ncelikle kendine g\u00fcvenmeli ve ne istedi\u011fini bilmelidir. Bunun d\u0131\u015f\u0131nda oyuncu olmak isteyen ki\u015fi kendine yol haritas\u0131 \u00e7izerken \u00f6ncelikle iyi bir oyuncu ajans\u0131 se\u00e7melidir. \u00dclkemizde fazla say\u0131da&nbsp;<a href=\"http:\/\/www.oscarajans.com.tr\/oyuncu-ajansi\/\"><strong>oyuncu ajanslar\u0131<\/strong><\/a>&nbsp;bulunurken bunlar aras\u0131nda g\u00fcvenilir ve profesyonel olan\u0131n\u0131 tercih etmelidir.<\/p>\n\n\n\n<h3 class=\"wp-block-heading\">Oyunculuk Mesle\u011finde E\u011fitim \u00d6nemli Fakt\u00f6r<\/h3>\n\n\n\n<p>Oyuncu olmak san\u0131ld\u0131\u011f\u0131 kadar kolay olmasada iyi bir ajans ile yola ba\u015fland\u0131\u011f\u0131nda size b\u00fcy\u00fcl\u00fc d\u00fcnyalar\u0131n kap\u0131lar\u0131n\u0131 aralar. Fakat unutulmamal\u0131d\u0131r ki kaliteli ve profesyonel oyuncu olmak i\u00e7in s\u0131k\u0131 ve disiplinli \u00e7al\u0131\u015f\u0131lmas\u0131 gerekir. Her alanda oldu\u011fu gibi oyunculuk sekt\u00f6r\u00fcnde de e\u011fitim \u00f6nemli bir fakt\u00f6rd\u00fcr. Dolay\u0131s\u0131yla her ne kadar yetene\u011finiz olursa olsun s\u00fcrekli de\u011fi\u015fen d\u00fcnyada oyunculuk mesle\u011finin farkl\u0131 ihtiya\u00e7lar\u0131n\u0131 kar\u015f\u0131lamak ad\u0131na e\u011fitmli ve donan\u0131ml\u0131 olman\u0131z \u015fartt\u0131r. \u00d6yle ki d\u00fcnyaca \u00fcne sahip \u00f6nemli oyuncular bile kendilerini yeti\u015ftirmek ve donan\u0131mlar\u0131n\u0131 geli\u015ftirmek i\u00e7in s\u00fcrekli e\u011fitim ald\u0131klar\u0131n\u0131 biliriz. Bu noktada \u00e7al\u0131\u015faca\u011f\u0131n\u0131z profesyonel oyuncu ajanslar\u0131 size yard\u0131mc\u0131 olup oyunculuk konusunda size yol g\u00f6sterebilir.<\/p>\n\n\n\n<h3 class=\"wp-block-heading\">\u201cBa\u015frol\u201d Oyuncu Ajans\u0131<\/h3>\n\n\n\n<p>Sinema ve dizi projelerinin art\u0131\u015f g\u00f6stermesi ile g\u00fcn\u00fcm\u00fczde \u00e7ok say\u0131da&nbsp;oyuncu ajanslar\u0131&nbsp;bulunmaktad\u0131r.Oyuncu olmaya karar verdi\u011finizde bir \u00e7ok a\u015fama ve \u00f6nemli kararlar sizleri bekliyor. Bu kararlar aras\u0131nda hi\u00e7 \u015f\u00fcphesiz en \u00f6nemlisi olan iyi bir oyuncu ajans\u0131 se\u00e7imidir. Sizleri oyuncu olma yolunda destekleyen ve sizin kariyerinize pozitif y\u00f6nde etkiler sunan bir \u201coyuncu ajans\u0131\u201d se\u00e7imi yapman\u0131z bu uzun kariyer ad\u0131mlar\u0131n\u0131z\u0131 g\u00fcvenli bir \u015fekilde atmaya yard\u0131mc\u0131 olacakt\u0131r.<\/p>\n\n\n\n<p>Ba\u015frol Ajans T\u00fcrkiye\u2019de \u201cilk\u201d ve \u201cen b\u00fcy\u00fck\u201c cast ajans\u0131 \u00f6zelli\u011fine sahip olup di\u011fer oyuncu ajanslar\u0131na g\u00f6re fark\u0131n\u0131 g\u00f6stermi\u015f konumdad\u0131r. Sekt\u00f6re kazand\u0131rd\u0131\u011f\u0131 say\u0131s\u0131z yeni y\u00fczler ile kendinden fazlas\u0131yla s\u00f6z ettiren Ba\u015frol Ajans oyunculuk ser\u00fcvenine ba\u015flaman\u0131z i\u00e7in en do\u011fru ve en g\u00fcvenilir adrestir.<\/p>\n\n\n\n<p><strong>Oyuncu ajanslar\u0131<\/strong>\u00a0olarak hizmet verdi\u011fimiz ve sevdi\u011finiz dizi yada filmlerde rol alma \u015fans\u0131n\u0131 yakalayabilirsiniz. Tek yapman\u0131z gereken \u015fey sitemizde bulunan ba\u015fvuru formunu eksiksiz doldurman\u0131z olacakt\u0131r. Oyuncu olmak i\u00e7in do\u011fru adres Ba\u015frol Ajans. Sizlerde oyunculuk kariyerinize emin ad\u0131mlar ile ba\u015flamak istiyorsan\u0131z Ba\u015frol Ajans\u2019\u0131n sitesinde bulunan ba\u015fvuru formunu doldurabilirsiniz.<\/p>\n","protected":false},"excerpt":{"rendered":"<p>Oyuncu ajanslar\u0131 sinema yap\u0131mlar\u0131na, dizilere, reklam filmlerine oyuncu temini edip ayn\u0131 zamanda oyuncu adaylar\u0131n\u0131 bu projelere haz\u0131rlar ve yol g\u00f6sterici rol oynar. G\u00fcn\u00fcm\u00fczde oyunculuk mesle\u011fine ilgi en az di\u011fer prestijli meslekler kadar oldu\u011funu s\u00f6ylememiz m\u00fcmk\u00fcn. Art\u0131k m\u00fchendislik yada doktor kadar oyuncu olmak isteyen pek \u00e7ok gen\u00e7 sanat sever bulunmaktad\u0131r. Oyuncu olmak isteyen ki\u015fi \u00f6ncelikle kendine [&hellip;]<\/p>\n","protected":false},"author":1,"featured_media":0,"parent":0,"menu_order":0,"comment_status":"closed","ping_status":"closed","template":"single-product","meta":{"saved_in_kubio":false,"footnotes":""},"class_list":["post-336","page","type-page","status-publish","hentry"],"kubio_ai_page_context":{"short_desc":"","purpose":"general"},"_links":{"self":[{"href":"https:\/\/www.basrolajans.com\/index.php?rest_route=\/wp\/v2\/pages\/336","targetHints":{"allow":["GET"]}}],"collection":[{"href":"https:\/\/www.basrolajans.com\/index.php?rest_route=\/wp\/v2\/pages"}],"about":[{"href":"https:\/\/www.basrolajans.com\/index.php?rest_route=\/wp\/v2\/types\/page"}],"author":[{"embeddable":true,"href":"https:\/\/www.basrolajans.com\/index.php?rest_route=\/wp\/v2\/users\/1"}],"replies":[{"embeddable":true,"href":"https:\/\/www.basrolajans.com\/index.php?rest_route=%2Fwp%2Fv2%2Fcomments&post=336"}],"version-history":[{"count":1,"href":"https:\/\/www.basrolajans.com\/index.php?rest_route=\/wp\/v2\/pages\/336\/revisions"}],"predecessor-version":[{"id":338,"href":"https:\/\/www.basrolajans.com\/index.php?rest_route=\/wp\/v2\/pages\/336\/revisions\/338"}],"wp:attachment":[{"href":"https:\/\/www.basrolajans.com\/index.php?rest_route=%2Fwp%2Fv2%2Fmedia&parent=336"}],"curies":[{"name":"wp","href":"https:\/\/api.w.org\/{rel}","templated":true}]}}