{"id":328,"date":"2025-12-25T12:12:42","date_gmt":"2025-12-25T12:12:42","guid":{"rendered":"http:\/\/www.basrolajans.com\/?page_id=328"},"modified":"2025-12-26T13:22:46","modified_gmt":"2025-12-26T13:22:46","slug":"cocuk-ajansi","status":"publish","type":"page","link":"https:\/\/www.basrolajans.com\/?page_id=328","title":{"rendered":"\u00c7ocuk Ajans\u0131"},"content":{"rendered":"\n\n\n<p>Televizyon d\u00fcnyas\u0131n\u0131n \u00f6nemli bir b\u00f6l\u00fcm\u00fcn\u00fc \u00e7ocuk ve bebek oyuncular olu\u015fturur. \u00c7ocuklar\u0131n k\u00fc\u00e7\u00fck ya\u015ftan itibaren televizyon d\u00fcnyas\u0131nda yer almas\u0131 ileride iyi bir tecr\u00fcbe sahibi olmalar\u0131n\u0131 sa\u011flar. \u00c7ekimler esnas\u0131nda \u00e7ocuklara uygun ortam\u0131n sa\u011flanmas\u0131, onlar\u0131n g\u00fcvenli\u011fi \u00e7ocuk ajanslara aittir.<\/p>\n\n\n\n<p>\u00c7ocuklar a\u00e7\u0131s\u0131ndan iki \u00f6nemli nokta vard\u0131r; birincisi do\u011fu\u015ftan gelen yetenek ikincisi ise e\u011fer istekleri yok ise onlar\u0131 bu konuda zorlamamak gerekir. Yetenekli \u00e7ocuklar kendi geleceklerini de kendileri belirler, k\u00fc\u00e7\u00fck ya\u015fta set ortam\u0131yla tan\u0131\u015f\u0131p ilerleyen zamanlarda da oyunculukta iyi yerlere gelmi\u015f \u00e7ocuk oyuncular bulunmaktad\u0131r. \u00c7ocuklar Duymas\u0131n dizisiyle \u00f6zde\u015fen Furkan K\u0131z\u0131lay en b\u00fcy\u00fck \u00f6rneklerden biridir.<\/p>\n\n\n\n<p>\u00c7ocuklar\u0131n\u0131z i\u00e7in do\u011fru ad\u0131mlarla ilerleyebilecek, onlar\u0131n \u00f6n\u00fcn\u00fc a\u00e7abilecek \u00e7ocuk ajanslar\u0131n\u0131 tercih etti\u011finizde onlara iyi bir gelecekte sunabilirsiniz. Ba\u015frol Ajans olarak \u00e7ocuklar\u0131m\u0131z ve onlar\u0131n gelecekleri i\u00e7in dizi, film, reklam vs projelerde yer vermekteyiz.<\/p>\n","protected":false},"excerpt":{"rendered":"<p>Televizyon d\u00fcnyas\u0131n\u0131n \u00f6nemli bir b\u00f6l\u00fcm\u00fcn\u00fc \u00e7ocuk ve bebek oyuncular olu\u015fturur. \u00c7ocuklar\u0131n k\u00fc\u00e7\u00fck ya\u015ftan itibaren televizyon d\u00fcnyas\u0131nda yer almas\u0131 ileride iyi bir tecr\u00fcbe sahibi olmalar\u0131n\u0131 sa\u011flar. \u00c7ekimler esnas\u0131nda \u00e7ocuklara uygun ortam\u0131n sa\u011flanmas\u0131, onlar\u0131n g\u00fcvenli\u011fi \u00e7ocuk ajanslara aittir. \u00c7ocuklar a\u00e7\u0131s\u0131ndan iki \u00f6nemli nokta vard\u0131r; birincisi do\u011fu\u015ftan gelen yetenek ikincisi ise e\u011fer istekleri yok ise onlar\u0131 bu konuda [&hellip;]<\/p>\n","protected":false},"author":1,"featured_media":0,"parent":0,"menu_order":0,"comment_status":"closed","ping_status":"closed","template":"single-product","meta":{"saved_in_kubio":false,"footnotes":""},"class_list":["post-328","page","type-page","status-publish","hentry"],"kubio_ai_page_context":{"short_desc":"","purpose":"general"},"_links":{"self":[{"href":"https:\/\/www.basrolajans.com\/index.php?rest_route=\/wp\/v2\/pages\/328","targetHints":{"allow":["GET"]}}],"collection":[{"href":"https:\/\/www.basrolajans.com\/index.php?rest_route=\/wp\/v2\/pages"}],"about":[{"href":"https:\/\/www.basrolajans.com\/index.php?rest_route=\/wp\/v2\/types\/page"}],"author":[{"embeddable":true,"href":"https:\/\/www.basrolajans.com\/index.php?rest_route=\/wp\/v2\/users\/1"}],"replies":[{"embeddable":true,"href":"https:\/\/www.basrolajans.com\/index.php?rest_route=%2Fwp%2Fv2%2Fcomments&post=328"}],"version-history":[{"count":1,"href":"https:\/\/www.basrolajans.com\/index.php?rest_route=\/wp\/v2\/pages\/328\/revisions"}],"predecessor-version":[{"id":330,"href":"https:\/\/www.basrolajans.com\/index.php?rest_route=\/wp\/v2\/pages\/328\/revisions\/330"}],"wp:attachment":[{"href":"https:\/\/www.basrolajans.com\/index.php?rest_route=%2Fwp%2Fv2%2Fmedia&parent=328"}],"curies":[{"name":"wp","href":"https:\/\/api.w.org\/{rel}","templated":true}]}}