{"id":324,"date":"2025-12-25T12:11:01","date_gmt":"2025-12-25T12:11:01","guid":{"rendered":"http:\/\/www.basrolajans.com\/?page_id=324"},"modified":"2025-12-26T13:27:38","modified_gmt":"2025-12-26T13:27:38","slug":"manken-ajansi","status":"publish","type":"page","link":"https:\/\/www.basrolajans.com\/?page_id=324","title":{"rendered":"Manken Ajans\u0131"},"content":{"rendered":"\n\n\n<h2 class=\"wp-block-heading\">Manken ajanslar\u0131 manken olabilmenin en g\u00fcvenilir ve en kolay yolu sizlere sunuyor.\u00a0T\u00fcrkiye\u2019nin manken ajanslar\u0131 aras\u0131ndaki\u00a0en dinamik kadroya sahip\u00a0Ba\u015frol Ajans\u00a0ile mankenlik d\u00fcnyas\u0131na ad\u0131m at\u0131n !<\/h2>\n\n\n\n<p>Mankenlik her gen\u00e7 k\u0131z\u0131n hayalindeki mesleklerden oldu\u011funu s\u00f6yleyebiliriz. Mankenlik genel anlamda yeni giysilerin tan\u0131t\u0131mlar\u0131n\u0131 yaparlar ayn\u0131 zamanda firma tan\u0131t\u0131m ve reklam i\u00e7in rol al\u0131rlar. Manken olabilmenin en kolay ve en g\u00fcvenilir yolu&nbsp;<strong>manken ajanslar\u0131<\/strong>&nbsp;ile \u00e7al\u0131\u015fmakt\u0131r. Manken yada&nbsp;fotomodel ajanslar\u0131&nbsp;sizlere bu zorlu mankenlik kariyeri yolunda yol g\u00f6sterici konumda olacakt\u0131r.<\/p>\n\n\n\n<p>Mankenleri podyum mankenleri, prova mankeni, fuar hostesi ve firma tan\u0131t\u0131m mankeni olarak gruplayabiliriz. Bu gruplar\u0131n yan\u0131 s\u0131ra Top Model dedi\u011fimiz b\u00fcy\u00fck projelerde yer alan ve d\u00fcnyaca \u00fcne sahip mankenlerdir.<\/p>\n\n\n\n<h3 class=\"wp-block-heading\">Manken Olabilmek \u0130\u00e7in Neler Gerekli ?<\/h3>\n\n\n\n<p>Mankenlik yapabilmek i\u00e7in d\u0131\u015f g\u00f6r\u00fcn\u00fc\u015f\u00fcn\u00fcz\u00fcn iyi olmas\u0131 malesef yeterli de\u011fildir. Estetik g\u00f6r\u00fcn\u00fcm\u00fcn yan\u0131 s\u0131ra belirli fiziki \u00f6l\u00e7\u00fclerinde standartlar dahilinde olmas\u0131 gerekli. G\u00fcn\u00fcm\u00fczde mankenlik i\u00e7in genelde 36-38 beden aras\u0131 v\u00fccut \u00f6l\u00e7\u00fcs\u00fc tercih edilmektedir. Bununla beraber 175 cm ve \u00fczeri boya sahip olanlar daha avantajl\u0131 konumda oldu\u011funu s\u00f6yleyebiliriz. Fakat 175 cm alt\u0131 boyunuz olsa bile mankenlik yapma \u015fans\u0131n\u0131z kesinlikle oldu\u011funu ayr\u0131ca belirtmek isteriz.<\/p>\n\n\n\n<h3 class=\"wp-block-heading\">Sab\u0131r, \u0130stikrar ve \u0130nan\u00e7 Mankenlik Mesle\u011finin En \u00d6nemli Unsuru<\/h3>\n\n\n\n<p>Manken olabilmek i\u00e7in \u00f6ncelikle sab\u0131rl\u0131 ve istikrarl\u0131 \u00e7al\u0131\u015fma azminizin olmas\u0131 gerekli. V\u00fccut \u00f6l\u00e7\u00fcleriniz yada e\u011fitim seviyeniz yada g\u00fczelli\u011finiz ne kadar iyi olursa olsun e\u011fer i\u00e7inizde bu i\u015fe olan inan\u00e7 duygusu yok ise i\u015fini zor olabilir. Bu y\u00fczden her ne olursa olsun yeterki l\u00fcgat\u0131n\u0131zda kaybetmek kelimesi olmad\u0131\u011f\u0131 s\u00fcrece mankenlik kariyerinizi emin ad\u0131mlar ile ilerletebilirsiniz.<\/p>\n\n\n\n<p>Mankenlik mesle\u011fine ba\u015flamadan \u00f6nce yap\u0131lmas\u0131 gereken ilk \u015fey&nbsp;<strong>manken ajanslar\u0131<\/strong>&nbsp;yada fotomodel ajanslar\u0131na ba\u015fvuruda bulunmakt\u0131r. Bu a\u015famada manken ajanslar\u0131 aras\u0131ndan se\u00e7im yaparken titiz davranmal\u0131s\u0131n\u0131z. \u00d6zveri ve sab\u0131r isteyen mankenlik mesle\u011fi i\u00e7in yapaca\u011f\u0131n\u0131z en \u00f6nemli \u015fey deneyimli, g\u00fcvenilir ve profesyonel mankenlik ajanslar\u0131n\u0131 se\u00e7meniz olacakt\u0131r.<\/p>\n","protected":false},"excerpt":{"rendered":"<p>Manken ajanslar\u0131 manken olabilmenin en g\u00fcvenilir ve en kolay yolu sizlere sunuyor.\u00a0T\u00fcrkiye\u2019nin manken ajanslar\u0131 aras\u0131ndaki\u00a0en dinamik kadroya sahip\u00a0Ba\u015frol Ajans\u00a0ile mankenlik d\u00fcnyas\u0131na ad\u0131m at\u0131n ! Mankenlik her gen\u00e7 k\u0131z\u0131n hayalindeki mesleklerden oldu\u011funu s\u00f6yleyebiliriz. Mankenlik genel anlamda yeni giysilerin tan\u0131t\u0131mlar\u0131n\u0131 yaparlar ayn\u0131 zamanda firma tan\u0131t\u0131m ve reklam i\u00e7in rol al\u0131rlar. Manken olabilmenin en kolay ve en g\u00fcvenilir [&hellip;]<\/p>\n","protected":false},"author":1,"featured_media":0,"parent":0,"menu_order":0,"comment_status":"closed","ping_status":"closed","template":"single-product","meta":{"saved_in_kubio":false,"footnotes":""},"class_list":["post-324","page","type-page","status-publish","hentry"],"kubio_ai_page_context":{"short_desc":"","purpose":"general"},"_links":{"self":[{"href":"https:\/\/www.basrolajans.com\/index.php?rest_route=\/wp\/v2\/pages\/324","targetHints":{"allow":["GET"]}}],"collection":[{"href":"https:\/\/www.basrolajans.com\/index.php?rest_route=\/wp\/v2\/pages"}],"about":[{"href":"https:\/\/www.basrolajans.com\/index.php?rest_route=\/wp\/v2\/types\/page"}],"author":[{"embeddable":true,"href":"https:\/\/www.basrolajans.com\/index.php?rest_route=\/wp\/v2\/users\/1"}],"replies":[{"embeddable":true,"href":"https:\/\/www.basrolajans.com\/index.php?rest_route=%2Fwp%2Fv2%2Fcomments&post=324"}],"version-history":[{"count":1,"href":"https:\/\/www.basrolajans.com\/index.php?rest_route=\/wp\/v2\/pages\/324\/revisions"}],"predecessor-version":[{"id":326,"href":"https:\/\/www.basrolajans.com\/index.php?rest_route=\/wp\/v2\/pages\/324\/revisions\/326"}],"wp:attachment":[{"href":"https:\/\/www.basrolajans.com\/index.php?rest_route=%2Fwp%2Fv2%2Fmedia&parent=324"}],"curies":[{"name":"wp","href":"https:\/\/api.w.org\/{rel}","templated":true}]}}