{"id":320,"date":"2025-12-25T12:09:16","date_gmt":"2025-12-25T12:09:16","guid":{"rendered":"http:\/\/www.basrolajans.com\/?page_id=320"},"modified":"2025-12-26T13:28:19","modified_gmt":"2025-12-26T13:28:19","slug":"reklam-ajansi","status":"publish","type":"page","link":"https:\/\/www.basrolajans.com\/?page_id=320","title":{"rendered":"Reklam Ajans\u0131"},"content":{"rendered":"\n\n\n<p><strong>Reklam ajanslar\u0131,<\/strong>&nbsp;firma, kurum ve kurulu\u015flar\u0131n\u0131n halk y\u0131\u011f\u0131nlar\u0131 ile aralar\u0131nda ileti\u015fim kuran k\u00f6pr\u00fcd\u00fcrler. Firmalar\u0131n do\u011fu\u015fundan, gelebilecekleri en \u00fcst noktaya gelene kadar ki s\u00fcre\u00e7te, destek ve bazen ayak g\u00f6revini g\u00f6ren, kitle ileti\u015fim arac\u0131d\u0131rlar. Onlar\u0131n i\u015fleri tan\u0131t\u0131md\u0131r. Hemen her \u015feyi tan\u0131tabilir, hakk\u0131nda bilgi verebilirler. Hatta \u00fcr\u00fcn ve hizmetlerle ilgili toplumun yarg\u0131lar\u0131n\u0131 de\u011fi\u015ftirebilir, ilgilerini \u00e7ekebilirler, ayr\u0131ca toplum taraf\u0131ndan kabul edilmesini, sat\u0131n al\u0131nmas\u0131n\u0131 ve kullan\u0131lmas\u0131n\u0131 sa\u011flayabilirler.<\/p>\n\n\n\n<p>Reklam ajanslar\u0131 kendi aralar\u0131nda farkl\u0131l\u0131klar g\u00f6sterebilirler. \u00d6rne\u011fin a\u00e7\u0131k hava ajanslar\u0131; genellikle dijital alanlarda faaliyet g\u00f6sterirler. Bunlar\u0131n kulland\u0131klar\u0131 ara\u00e7lar \u015funlard\u0131r: billboard, afi\u015f, tabela, megalight, branda bask\u0131lar\u0131, bina giydirme, ara\u00e7 giydirme v.b dir. Ofset bask\u0131 \u00fczerine yani (matbaalar),\u00e7al\u0131\u015fan ajanslar; genellikle katalog, afi\u015f, dergi, el ilan\u0131, insert, takvim, ajanda, masa\u00fcst\u00fc takvim \u00e7e\u015fitleri gibi \u00fcr\u00fcnleri kullan\u0131rlar. Promosyon \u00fczerine \u00e7al\u0131\u015fan ajanslar ise: genellikle halka \u00fccretsiz da\u011f\u0131tabilecekleri, maliyeti az, fakat kullan\u0131\u015fl\u0131, insanlar taraf\u0131ndan istenebilecek, bir \u00fcr\u00fcn haz\u0131rlarlar. Firman\u0131n ismini, adresini, logosunu, ileti\u015fim telefonlar\u0131n\u0131, haz\u0131rlad\u0131klar\u0131 \u00fcr\u00fcn\u00fcn \u00fczerine giydirerek da\u011f\u0131l\u0131m\u0131n\u0131 sa\u011flarlar.<\/p>\n\n\n\n<p>\u0130nternet reklam ajanslar\u0131 son zamanlarda geli\u015fen bir sekt\u00f6rd\u00fcr. G\u00fcn\u00fcm\u00fczde olduk\u00e7a ciddi bir h\u0131zla yay\u0131lmaya ba\u015flam\u0131\u015flard\u0131r. \u00c7\u00fcnk\u00fc g\u00fcn\u00fcm\u00fczde internet ba\u015fl\u0131 ba\u015f\u0131na bir d\u00fcnya ve b\u00fcy\u00fck bir pazar haline gelmi\u015ftir. Halk y\u0131\u011f\u0131nlar\u0131n\u0131n, her birinin evine kadar girmi\u015f ve etkin bir \u015fekilde kullan\u0131lmaya ba\u015flanm\u0131\u015ft\u0131r.<\/p>\n\n\n\n<p>\u0130nsan\u0131n oldu\u011fu her yer, tan\u0131t\u0131m\u0131n da oldu\u011fu yerlerdir. \u00dcretici ve t\u00fcketicilerin oldu\u011fu her yerde reklam ajanslar\u0131 da bulunmaktad\u0131r. Ahlaki ve yasal kurallar i\u00e7erisinde firmalarla anla\u015farak, onlar\u0131n faaliyetleri ve \u00fcr\u00fcnleriyle paralel giderek, onlar\u0131n hedefledikleri noktalara gelmelerini sa\u011flayan arac\u0131 kurumlard\u0131r. Onlar bu ta\u015f\u0131ma i\u015fini, firma \u00fcr\u00fcn ve hizmetleri halka tan\u0131tarak, halk\u0131n sat\u0131n almas\u0131n\u0131 sa\u011flayarak yaparlar. Do\u011fru bir kampanya; ihtiyac\u0131n olmad\u0131\u011f\u0131 bir toplumda bile, ihtiyac\u0131 olu\u015fturur, \u00fcr\u00fcn veya hizmetin al\u0131nmas\u0131n\u0131 sa\u011flayabilir.<\/p>\n\n\n\n<p>G\u00fcn\u00fcm\u00fczde geni\u015f halk kitleleri ihtiya\u00e7lar\u0131n\u0131, beklentilerini, ya\u015fam standartlar\u0131n\u0131 tan\u0131t\u0131mlar\u0131n etkisi alt\u0131nda ger\u00e7ekle\u015ftirmektedir. Onlara g\u00f6re y\u00f6nlenmekte, onlar\u0131n kalite, sa\u011fl\u0131k, bilin\u00e7 g\u00f6r\u00fclerini payla\u015fmaktad\u0131r. Bu durum, hem reklam ajanslar\u0131na, hem de \u00fcreticilere pazar a\u00e7\u0131s\u0131ndan b\u00fcy\u00fck f\u0131rsatlar sunmaktad\u0131r. Bu alanda uzmanla\u015fm\u0131\u015f bir ajans, b\u00fct\u00fcn bu etki ve tepki olaylar\u0131n\u0131 zaten takip edip, de\u011ferlendirmektedir. Toplumun yap\u0131s\u0131na, beklentilerine, \u00f6zlemlerine g\u00f6re planlamakta ve ihtiya\u00e7 sahipleri, yani kitlelere iletmektedir.<\/p>\n","protected":false},"excerpt":{"rendered":"<p>Reklam ajanslar\u0131,&nbsp;firma, kurum ve kurulu\u015flar\u0131n\u0131n halk y\u0131\u011f\u0131nlar\u0131 ile aralar\u0131nda ileti\u015fim kuran k\u00f6pr\u00fcd\u00fcrler. Firmalar\u0131n do\u011fu\u015fundan, gelebilecekleri en \u00fcst noktaya gelene kadar ki s\u00fcre\u00e7te, destek ve bazen ayak g\u00f6revini g\u00f6ren, kitle ileti\u015fim arac\u0131d\u0131rlar. Onlar\u0131n i\u015fleri tan\u0131t\u0131md\u0131r. Hemen her \u015feyi tan\u0131tabilir, hakk\u0131nda bilgi verebilirler. Hatta \u00fcr\u00fcn ve hizmetlerle ilgili toplumun yarg\u0131lar\u0131n\u0131 de\u011fi\u015ftirebilir, ilgilerini \u00e7ekebilirler, ayr\u0131ca toplum taraf\u0131ndan kabul [&hellip;]<\/p>\n","protected":false},"author":1,"featured_media":0,"parent":0,"menu_order":0,"comment_status":"closed","ping_status":"closed","template":"single-product","meta":{"saved_in_kubio":false,"footnotes":""},"class_list":["post-320","page","type-page","status-publish","hentry"],"kubio_ai_page_context":{"short_desc":"","purpose":"general"},"_links":{"self":[{"href":"https:\/\/www.basrolajans.com\/index.php?rest_route=\/wp\/v2\/pages\/320","targetHints":{"allow":["GET"]}}],"collection":[{"href":"https:\/\/www.basrolajans.com\/index.php?rest_route=\/wp\/v2\/pages"}],"about":[{"href":"https:\/\/www.basrolajans.com\/index.php?rest_route=\/wp\/v2\/types\/page"}],"author":[{"embeddable":true,"href":"https:\/\/www.basrolajans.com\/index.php?rest_route=\/wp\/v2\/users\/1"}],"replies":[{"embeddable":true,"href":"https:\/\/www.basrolajans.com\/index.php?rest_route=%2Fwp%2Fv2%2Fcomments&post=320"}],"version-history":[{"count":1,"href":"https:\/\/www.basrolajans.com\/index.php?rest_route=\/wp\/v2\/pages\/320\/revisions"}],"predecessor-version":[{"id":322,"href":"https:\/\/www.basrolajans.com\/index.php?rest_route=\/wp\/v2\/pages\/320\/revisions\/322"}],"wp:attachment":[{"href":"https:\/\/www.basrolajans.com\/index.php?rest_route=%2Fwp%2Fv2%2Fmedia&parent=320"}],"curies":[{"name":"wp","href":"https:\/\/api.w.org\/{rel}","templated":true}]}}