{"id":314,"date":"2025-12-25T12:05:22","date_gmt":"2025-12-25T12:05:22","guid":{"rendered":"http:\/\/www.basrolajans.com\/?page_id=314"},"modified":"2025-12-26T13:23:16","modified_gmt":"2025-12-26T13:23:16","slug":"dizi-ajansi","status":"publish","type":"page","link":"https:\/\/www.basrolajans.com\/?page_id=314","title":{"rendered":"Dizi Ajans\u0131"},"content":{"rendered":"\n\n\n<h2 class=\"wp-block-heading\">Dizi ajanslar\u0131 dizilerin yap\u0131mc\u0131lar\u0131na oyuncu temini sa\u011flayan cast ajanslar\u0131d\u0131r.<\/h2>\n\n\n\n<p>Sinemalarda oyuncu olmak isteyen ki\u015fi nas\u0131l ajanslara ba\u015fvuruda bulunuyorsa dizilerde de rol almak isteyen oyuncu aday\u0131 \u00f6ncelikle dizi ajanslar\u0131na ba\u015fvuruda bulunmal\u0131d\u0131r. Sizde \u00e7ok sevdi\u011finiz dizilerde rol almak istiyor ve oyunculuk kariyerinize ba\u015flamak istiyorsan\u0131z dizi ajanslar\u0131na ba\u015fvuru formu doldurman\u0131z gerekli.&nbsp;<strong>Dizi ajanslar\u0131<\/strong>&nbsp;yap\u0131mc\u0131 \u015firketlere dizi oyuncusu temininde yard\u0131mc\u0131 olmaktad\u0131r. Yap\u0131mc\u0131 \u015firketlerin i\u015flerini kolayla\u015ft\u0131racak anlamda hizmet vermektedir. Yap\u0131mc\u0131 firmalar\u0131n elindeki oyuncu kapasitesi ne kadar fazla olursa sunum yapaca\u011f\u0131 ki\u015fi say\u0131s\u0131 bu do\u011frultuda artm\u0131\u015f oluyor.<\/p>\n\n\n\n<h3 class=\"wp-block-heading\">Dizi Ajanslar\u0131 \u0130le Sevdi\u011finiz Dizilerde Rol Al\u0131n<\/h3>\n\n\n\n<p>Yap\u0131mc\u0131 firma ile oyuncu aras\u0131nda k\u00f6pr\u00fc g\u00f6revi g\u00f6ren dizi ajanslar\u0131 her iki taraf\u0131nda i\u015flerini kolayla\u015ft\u0131rma noktas\u0131nda \u00f6nemli rol oynuyor.&nbsp;<strong>Dizi ajanslar\u0131<\/strong>&nbsp;gelen ba\u015fvuru taleplerini de\u011ferlendirerek i\u00e7lerinden se\u00e7im yapar ve dizi yap\u0131mc\u0131lar\u0131 ile g\u00f6r\u00fc\u015ferek cast sunumu yapar. Dizi yap\u0131mc\u0131lar\u0131 genellikle oyuncu se\u00e7imini dizi projesinin senaryosuna g\u00f6re veya oyuncu ihtiyac\u0131na g\u00f6re yapmaktad\u0131r.<\/p>\n\n\n\n<h3 class=\"wp-block-heading\">Dizi Ajanslar\u0131 ile \u00c7al\u0131\u015fman\u0131n Avantajlar\u0131<\/h3>\n\n\n\n<p>Oyuncu olmak isteyen bir ki\u015fi dizi yada sinema yap\u0131mc\u0131lar\u0131 yerine dizi ajans\u0131na ba\u015fvurmas\u0131 yeterli olacakt\u0131r. Bu y\u00fczden dizj ajanslar\u0131 ile \u00e7al\u0131\u015fmak oyunculuk kariyerinize \u00f6nemli avantajlar sa\u011flay\u0131p sizleri gereksiz teferruattan kurtaracakt\u0131r. Ayn\u0131 zamanda dizi ajanslar\u0131 bilgi, birikim ve tecr\u00fcbesi ile sizlere yol g\u00f6sterecek oyunculuk mesle\u011finde daha kararl\u0131 ve istikrarl\u0131 olman\u0131za yard\u0131mc\u0131 olacakt\u0131r. Dolay\u0131s\u0131yla hayat\u0131n\u0131z\u0131 etkileyecek bu kariyer plan\u0131n\u0131z\u0131 ba\u015far\u0131l\u0131, g\u00fcvenilir ve kaliteli dizi ajanslar\u0131 ile yapman\u0131z son derece \u00f6nemlidir.<\/p>\n\n\n\n<p>Kuruldu\u011fu g\u00fcnden bu zamana kadar say\u0131s\u0131z ba\u015far\u0131l\u0131 dizilere, sinemalara, reklamlara yeni y\u00fczler kazand\u0131ran Ba\u015frol Ajans dizi ajanslar\u0131 alan\u0131nda da hizmet vermektedir. Dizi ajanslar\u0131 aras\u0131nda en iyi hizmeti veren, geni\u015f kadroya sahip ve i\u015fine profesyonel yakla\u015fan\u00a0<strong>Ba\u015frol Ajans<\/strong>\u00a0olarak film ve dizi setlerine yeni y\u00fczler kazand\u0131rmaya devam etmekteyiz.<\/p>\n\n\n\n<p>T\u00fcrkiye\u2019de ilk ve halen \u201cen b\u00fcy\u00fck\u201d cast ajans\u0131 olarak sizleride kadromuzda g\u00f6rmekten mutluluk duyar\u0131z. Sizde dizi, film, reklam oyuncusu, sinema filmleri, klip dans\u00e7\u0131s\u0131 yada manken olmak istiyorsan\u0131z sizleri Ba\u015frol Ajans\u2019a bekliyoruz. E\u011fer dizilerde rol almak ve oyunculuk kariyerinize g\u00fcvenilir ad\u0131mlar ile ba\u015flamak istiyorsan\u0131z Ba\u015frol Ajans\u2019\u0131n sitesinde bulunan ba\u015fvuru formunu doldurabilirsiniz.<\/p>\n","protected":false},"excerpt":{"rendered":"<p>Dizi ajanslar\u0131 dizilerin yap\u0131mc\u0131lar\u0131na oyuncu temini sa\u011flayan cast ajanslar\u0131d\u0131r. Sinemalarda oyuncu olmak isteyen ki\u015fi nas\u0131l ajanslara ba\u015fvuruda bulunuyorsa dizilerde de rol almak isteyen oyuncu aday\u0131 \u00f6ncelikle dizi ajanslar\u0131na ba\u015fvuruda bulunmal\u0131d\u0131r. Sizde \u00e7ok sevdi\u011finiz dizilerde rol almak istiyor ve oyunculuk kariyerinize ba\u015flamak istiyorsan\u0131z dizi ajanslar\u0131na ba\u015fvuru formu doldurman\u0131z gerekli.&nbsp;Dizi ajanslar\u0131&nbsp;yap\u0131mc\u0131 \u015firketlere dizi oyuncusu temininde yard\u0131mc\u0131 olmaktad\u0131r. [&hellip;]<\/p>\n","protected":false},"author":1,"featured_media":0,"parent":0,"menu_order":0,"comment_status":"closed","ping_status":"closed","template":"single-product","meta":{"saved_in_kubio":false,"footnotes":""},"class_list":["post-314","page","type-page","status-publish","hentry"],"kubio_ai_page_context":{"short_desc":"","purpose":"general"},"_links":{"self":[{"href":"https:\/\/www.basrolajans.com\/index.php?rest_route=\/wp\/v2\/pages\/314","targetHints":{"allow":["GET"]}}],"collection":[{"href":"https:\/\/www.basrolajans.com\/index.php?rest_route=\/wp\/v2\/pages"}],"about":[{"href":"https:\/\/www.basrolajans.com\/index.php?rest_route=\/wp\/v2\/types\/page"}],"author":[{"embeddable":true,"href":"https:\/\/www.basrolajans.com\/index.php?rest_route=\/wp\/v2\/users\/1"}],"replies":[{"embeddable":true,"href":"https:\/\/www.basrolajans.com\/index.php?rest_route=%2Fwp%2Fv2%2Fcomments&post=314"}],"version-history":[{"count":1,"href":"https:\/\/www.basrolajans.com\/index.php?rest_route=\/wp\/v2\/pages\/314\/revisions"}],"predecessor-version":[{"id":316,"href":"https:\/\/www.basrolajans.com\/index.php?rest_route=\/wp\/v2\/pages\/314\/revisions\/316"}],"wp:attachment":[{"href":"https:\/\/www.basrolajans.com\/index.php?rest_route=%2Fwp%2Fv2%2Fmedia&parent=314"}],"curies":[{"name":"wp","href":"https:\/\/api.w.org\/{rel}","templated":true}]}}